{"id":62,"date":"2020-10-15T20:16:40","date_gmt":"2020-10-15T18:16:40","guid":{"rendered":"http:\/\/hedeapermaculture.com\/?page_id=62"},"modified":"2023-03-29T13:14:38","modified_gmt":"2023-03-29T11:14:38","slug":"savoir-faire","status":"publish","type":"page","link":"https:\/\/hedeapermaculture.com\/index.php\/savoir-faire\/","title":{"rendered":"Savoir-faire"},"content":{"rendered":"<p><div class=\"fusion-fullwidth fullwidth-box fusion-builder-row-1 fusion-flex-container page-header nonhundred-percent-fullwidth non-hundred-percent-height-scrolling\" style=\"background-color: rgba(255,255,255,0);background-position: center center;background-repeat: no-repeat;border-width: 0px 0px 0px 0px;border-color:#e2e2e2;border-style:solid;\" ><div class=\"fusion-builder-row fusion-row fusion-flex-align-items-flex-start\" style=\"max-width:104%;margin-left: calc(-4% \/ 2 );margin-right: calc(-4% \/ 2 );\"><div class=\"fusion-layout-column fusion_builder_column fusion-builder-column-0 fusion_builder_column_1_1 1_1 fusion-flex-column full-height-column\"><div class=\"fusion-column-wrapper fusion-flex-justify-content-flex-start fusion-content-layout-column\" style=\"background-position:left top;background-repeat:no-repeat;-webkit-background-size:cover;-moz-background-size:cover;-o-background-size:cover;background-size:cover;padding: 0px 0px 0px 0px;\"><style type=\"text\/css\">@media only screen and (max-width:1024px) {.fusion-title.fusion-title-1{margin-top:170px!important; margin-right:0px!important;margin-bottom:auto!important;margin-left:0px!important;}}@media only screen and (max-width:640px) {.fusion-title.fusion-title-1{margin-top:50%!important; margin-right:0px!important;margin-bottom:10px!important; margin-left:0px!important;}}<\/style><div class=\"fusion-title title fusion-title-1 fusion-sep-none fusion-title-center fusion-title-text fusion-title-size-one\" style=\"margin-top:170px;margin-right:0px;margin-bottom:auto;margin-left:0px;\"><h1 class=\"title-heading-center\" style=\"margin:0;color:#ffffff;\"><p>Savoir-Faire<\/p>\n<div id=\"gtx-trans\" style=\"position: absolute; left: 293px; top: 37.8px;\">\n<div class=\"gtx-trans-icon\"><\/div>\n<\/div><\/h1><\/div><\/div><style type=\"text\/css\">.fusion-body .fusion-builder-column-0{width:100% !important;margin-top : 0px;margin-bottom : 20px;}.fusion-builder-column-0 > .fusion-column-wrapper {padding-top : 0px !important;padding-right : 0px !important;margin-right : 1.92%;padding-bottom : 0px !important;padding-left : 0px !important;margin-left : 1.92%;}@media only screen and (max-width:1024px) {.fusion-body .fusion-builder-column-0{width:100% !important;order : 0;}.fusion-builder-column-0 > .fusion-column-wrapper {margin-right : 1.92%;margin-left : 1.92%;}}@media only screen and (max-width:640px) {.fusion-body .fusion-builder-column-0{width:100% !important;order : 0;}.fusion-builder-column-0 > .fusion-column-wrapper {margin-right : 1.92%;margin-left : 1.92%;}}<\/style><\/div><\/div><style type=\"text\/css\">.fusion-body .fusion-flex-container.fusion-builder-row-1{ padding-top : 0px;margin-top : 0px;padding-right : 0px;padding-bottom : 0px;margin-bottom : 0px;padding-left : 0px;min-height:400px;}<\/style><\/div>\n<div class=\"fusion-fullwidth fullwidth-box fusion-builder-row-2 fusion-flex-container nonhundred-percent-fullwidth non-hundred-percent-height-scrolling\" style=\"background-color: rgba(255,255,255,0);background-position: center center;background-repeat: no-repeat;border-width: 0px 0px 0px 0px;border-color:#e2e2e2;border-style:solid;\" ><div class=\"fusion-builder-row fusion-row fusion-flex-align-items-flex-start\" style=\"max-width:104%;margin-left: calc(-4% \/ 2 );margin-right: calc(-4% \/ 2 );\"><div class=\"fusion-layout-column fusion_builder_column fusion-builder-column-1 fusion_builder_column_1_1 1_1 fusion-flex-column\"><div class=\"fusion-column-wrapper fusion-flex-justify-content-flex-start fusion-content-layout-column\" style=\"background-position:left top;background-repeat:no-repeat;-webkit-background-size:cover;-moz-background-size:cover;-o-background-size:cover;background-size:cover;padding: 0px 0px 0px 0px;\"><div ><span class=\" fusion-imageframe imageframe-none imageframe-1 hover-type-none section-background section-background-large\" id=\"page-title-bottom-image\"><img decoding=\"async\" width=\"1800\" height=\"393\" title=\"whatis_background (1)\" src=\"https:\/\/hedeapermaculture.com\/wp-content\/uploads\/2020\/12\/whatis_background-1-3.png\" alt class=\"img-responsive wp-image-636\" srcset=\"https:\/\/hedeapermaculture.com\/wp-content\/uploads\/2020\/12\/whatis_background-1-3-200x44.png 200w, https:\/\/hedeapermaculture.com\/wp-content\/uploads\/2020\/12\/whatis_background-1-3-400x87.png 400w, https:\/\/hedeapermaculture.com\/wp-content\/uploads\/2020\/12\/whatis_background-1-3-600x131.png 600w, https:\/\/hedeapermaculture.com\/wp-content\/uploads\/2020\/12\/whatis_background-1-3-800x175.png 800w, https:\/\/hedeapermaculture.com\/wp-content\/uploads\/2020\/12\/whatis_background-1-3-1200x262.png 1200w, https:\/\/hedeapermaculture.com\/wp-content\/uploads\/2020\/12\/whatis_background-1-3.png 1800w\" sizes=\"(max-width: 640px) 100vw, 1800px\" \/><\/span><\/div><\/div><style type=\"text\/css\">.fusion-body .fusion-builder-column-1{width:100% !important;margin-top : 0px;margin-bottom : 20px;}.fusion-builder-column-1 > .fusion-column-wrapper {padding-top : 0px !important;padding-right : 0px !important;margin-right : 1.92%;padding-bottom : 0px !important;padding-left : 0px !important;margin-left : 1.92%;}@media only screen and (max-width:1024px) {.fusion-body .fusion-builder-column-1{width:100% !important;order : 0;}.fusion-builder-column-1 > .fusion-column-wrapper {margin-right : 1.92%;margin-left : 1.92%;}}@media only screen and (max-width:640px) {.fusion-body .fusion-builder-column-1{width:100% !important;order : 0;}.fusion-builder-column-1 > .fusion-column-wrapper {margin-right : 1.92%;margin-left : 1.92%;}}<\/style><\/div><\/div><style type=\"text\/css\">.fusion-body .fusion-flex-container.fusion-builder-row-2{ padding-top : 0px;margin-top : 0px;padding-right : 30px;padding-bottom : 0px;margin-bottom : 0px;padding-left : 30px;}<\/style><\/div><div id=\"Notre Approche\"><div class=\"fusion-fullwidth fullwidth-box fusion-builder-row-3 fusion-flex-container normal-container nonhundred-percent-fullwidth non-hundred-percent-height-scrolling\" style=\"background-color: rgba(255,255,255,0);background-position: center center;background-repeat: no-repeat;border-width: 0px 0px 0px 0px;border-color:#e2e2e2;border-style:solid;\" ><div class=\"fusion-builder-row fusion-row fusion-flex-align-items-flex-start\" style=\"max-width:calc( 100% + 0px );margin-left: calc(-0px \/ 2 );margin-right: calc(-0px \/ 2 );\"><div class=\"fusion-layout-column fusion_builder_column fusion-builder-column-2 fusion_builder_column_1_2 1_2 fusion-flex-column\"><div class=\"fusion-column-wrapper fusion-flex-justify-content-flex-start fusion-content-layout-column\" style=\"background-position:left top;background-repeat:no-repeat;-webkit-background-size:cover;-moz-background-size:cover;-o-background-size:cover;background-size:cover;padding: 0px 40px 0px 0px;\"><style type=\"text\/css\">@media only screen and (max-width:1024px) {.fusion-title.fusion-title-2{margin-top:10px!important; margin-right:0px!important;margin-bottom:15px!important;margin-left:0px!important;}}@media only screen and (max-width:640px) {.fusion-title.fusion-title-2{margin-top:10px!important; margin-right:0px!important;margin-bottom:10px!important; margin-left:0px!important;}}<\/style><div class=\"fusion-title title fusion-title-2 fusion-sep-none fusion-title-text fusion-title-size-two\" style=\"margin-top:10px;margin-right:0px;margin-bottom:15px;margin-left:0px;\"><h2 class=\"title-heading-left\" style=\"margin:0;\"><p>Notre approche&#8230;<\/p>\n<div id=\"gtx-trans\" style=\"position: absolute; left: -51px; top: -8.8px;\">\n<div class=\"gtx-trans-icon\"><\/div>\n<\/div><\/h2><\/div><div class=\"fusion-text fusion-text-1\"><p>Notre approche utilise une m\u00e9thodologie rigoureuse bas\u00e9e sur le questionnement, les besoins uniques des porteurs de projet, l\u2019observation sp\u00e9cifique du site et du contexte ainsi que l&rsquo;\u00e9tude des flux.<\/p>\n<p>La permaculture ne consiste, en effet, pas \u00e0 transposer des recettes toutes faites d&rsquo;un lieu \u00e0 l&rsquo;autre ou \u00e0 tester une vid\u00e9o vue sur internet.<\/p>\n<p>Nous utilisons des outils issus de diverses disciplines (Mediation, Permaculture Humaine, Echelle de permanence, Approche syst\u00e9mique, Gestion de projet) et nous nous entourons d\u2019experts reconnus pour les questionnements plus pointus.<\/p>\n<\/div><\/div><style type=\"text\/css\">.fusion-body .fusion-builder-column-2{width:50% !important;margin-top : 0px;margin-bottom : 20px;}.fusion-builder-column-2 > .fusion-column-wrapper {padding-top : 0px !important;padding-right : 40px !important;margin-right : 0;padding-bottom : 0px !important;padding-left : 0px !important;margin-left : 0;}@media only screen and (max-width:1024px) {.fusion-body .fusion-builder-column-2{width:50% !important;order : 0;}.fusion-builder-column-2 > .fusion-column-wrapper {padding-right : 0 !important;margin-right : 0;padding-left : 0 !important;margin-left : 0;}}@media only screen and (max-width:640px) {.fusion-body .fusion-builder-column-2{width:100% !important;order : 0;margin-bottom : 0;}.fusion-builder-column-2 > .fusion-column-wrapper {padding-right : 0 !important;margin-right : 0;padding-left : 0 !important;margin-left : 0;}}<\/style><\/div><div class=\"fusion-layout-column fusion_builder_column fusion-builder-column-3 fusion_builder_column_1_2 1_2 fusion-flex-column\"><div class=\"fusion-column-wrapper fusion-flex-justify-content-flex-start fusion-content-layout-column\" style=\"background-position:left top;background-repeat:no-repeat;-webkit-background-size:cover;-moz-background-size:cover;-o-background-size:cover;background-size:cover;padding: 12px 0px 0px 40px;\"><div ><span class=\" fusion-imageframe imageframe-none imageframe-2 hover-type-none\"><img decoding=\"async\" width=\"2560\" height=\"1920\" title=\"IMG_20200616_145314_Bokeh\" src=\"https:\/\/hedeapermaculture.com\/wp-content\/uploads\/2020\/10\/IMG_20200616_145314_Bokeh-scaled.jpg\" alt class=\"img-responsive wp-image-285\" srcset=\"https:\/\/hedeapermaculture.com\/wp-content\/uploads\/2020\/10\/IMG_20200616_145314_Bokeh-200x150.jpg 200w, https:\/\/hedeapermaculture.com\/wp-content\/uploads\/2020\/10\/IMG_20200616_145314_Bokeh-400x300.jpg 400w, https:\/\/hedeapermaculture.com\/wp-content\/uploads\/2020\/10\/IMG_20200616_145314_Bokeh-600x450.jpg 600w, https:\/\/hedeapermaculture.com\/wp-content\/uploads\/2020\/10\/IMG_20200616_145314_Bokeh-800x600.jpg 800w, https:\/\/hedeapermaculture.com\/wp-content\/uploads\/2020\/10\/IMG_20200616_145314_Bokeh-1200x900.jpg 1200w, https:\/\/hedeapermaculture.com\/wp-content\/uploads\/2020\/10\/IMG_20200616_145314_Bokeh-scaled.jpg 2560w\" sizes=\"(max-width: 640px) 100vw, 1200px\" \/><\/span><\/div><\/div><style type=\"text\/css\">.fusion-body .fusion-builder-column-3{width:50% !important;margin-top : 0px;margin-bottom : 20px;}.fusion-builder-column-3 > .fusion-column-wrapper {padding-top : 12px !important;padding-right : 0px !important;margin-right : 0;padding-bottom : 0px !important;padding-left : 40px !important;margin-left : 0;}@media only screen and (max-width:1024px) {.fusion-body .fusion-builder-column-3{width:50% !important;order : 0;}.fusion-builder-column-3 > .fusion-column-wrapper {padding-right : 0 !important;margin-right : 0;padding-left : 0 !important;margin-left : 0;}}@media only screen and (max-width:640px) {.fusion-body .fusion-builder-column-3{width:100% !important;order : 0;}.fusion-builder-column-3 > .fusion-column-wrapper {padding-right : 0 !important;margin-right : 0;padding-left : 0 !important;margin-left : 0;}}<\/style><\/div><\/div><style type=\"text\/css\">.fusion-body .fusion-flex-container.fusion-builder-row-3{ padding-top : 0px;margin-top : 46px;padding-right : 30px;padding-bottom : 0px;margin-bottom : 0px;padding-left : 30px;}@media only screen and (max-width:1024px) {.fusion-body .fusion-flex-container.fusion-builder-row-3{ margin-top : 20px;padding-right : 16px;padding-left : 16px;}}@media only screen and (max-width:640px) {.fusion-body .fusion-flex-container.fusion-builder-row-3{ margin-top : 20px;padding-right : 16px;padding-left : 16px;}}<\/style><\/div><\/div><div class=\"fusion-fullwidth fullwidth-box fusion-builder-row-4 fusion-flex-container normal-container nonhundred-percent-fullwidth non-hundred-percent-height-scrolling\" style=\"background-color: rgba(255,255,255,0);background-position: center center;background-repeat: no-repeat;border-width: 0px 0px 0px 0px;border-color:#e2e2e2;border-style:solid;\" ><div class=\"fusion-builder-row fusion-row fusion-flex-align-items-flex-start\" style=\"max-width:calc( 100% + 0px );margin-left: calc(-0px \/ 2 );margin-right: calc(-0px \/ 2 );\"><div class=\"fusion-layout-column fusion_builder_column fusion-builder-column-4 fusion_builder_column_1_2 1_2 fusion-flex-column\"><div class=\"fusion-column-wrapper fusion-flex-justify-content-flex-start fusion-content-layout-column\" style=\"background-position:left top;background-repeat:no-repeat;-webkit-background-size:cover;-moz-background-size:cover;-o-background-size:cover;background-size:cover;padding: 0px 40px 0px 0px;\"><div ><span class=\" fusion-imageframe imageframe-none imageframe-3 hover-type-none fusion-no-small-visibility\"><img decoding=\"async\" width=\"1497\" height=\"1058\" title=\"Eglantiers strate basse\" src=\"https:\/\/hedeapermaculture.com\/wp-content\/uploads\/2023\/03\/Eglantiers-strate-basse-pdf.jpg\" alt class=\"img-responsive wp-image-950\"\/><\/span><\/div><div ><style>.fusion-imageframe.imageframe-4{ margin-top : 20px;margin-bottom : 20px;}<\/style><span class=\" fusion-imageframe imageframe-none imageframe-4 hover-type-none fusion-no-small-visibility\"><img decoding=\"async\" width=\"2560\" height=\"1440\" title=\"IMG_20200419_154039\" src=\"https:\/\/hedeapermaculture.com\/wp-content\/uploads\/2020\/10\/IMG_20200419_154039-scaled.jpg\" alt class=\"img-responsive wp-image-418\" srcset=\"https:\/\/hedeapermaculture.com\/wp-content\/uploads\/2020\/10\/IMG_20200419_154039-200x113.jpg 200w, https:\/\/hedeapermaculture.com\/wp-content\/uploads\/2020\/10\/IMG_20200419_154039-400x225.jpg 400w, https:\/\/hedeapermaculture.com\/wp-content\/uploads\/2020\/10\/IMG_20200419_154039-600x338.jpg 600w, https:\/\/hedeapermaculture.com\/wp-content\/uploads\/2020\/10\/IMG_20200419_154039-800x450.jpg 800w, https:\/\/hedeapermaculture.com\/wp-content\/uploads\/2020\/10\/IMG_20200419_154039-1200x675.jpg 1200w, https:\/\/hedeapermaculture.com\/wp-content\/uploads\/2020\/10\/IMG_20200419_154039-scaled.jpg 2560w\" sizes=\"(max-width: 640px) 100vw, 1200px\" \/><\/span><\/div><div ><span class=\" fusion-imageframe imageframe-none imageframe-5 hover-type-none fusion-no-small-visibility\"><img decoding=\"async\" width=\"4911\" height=\"3472\" title=\"Strichon A3 Paysage\" src=\"https:\/\/hedeapermaculture.com\/wp-content\/uploads\/2023\/03\/Strichon-A3-Paysage.png\" alt class=\"img-responsive wp-image-952\" srcset=\"https:\/\/hedeapermaculture.com\/wp-content\/uploads\/2023\/03\/Strichon-A3-Paysage-200x141.png 200w, https:\/\/hedeapermaculture.com\/wp-content\/uploads\/2023\/03\/Strichon-A3-Paysage-400x283.png 400w, https:\/\/hedeapermaculture.com\/wp-content\/uploads\/2023\/03\/Strichon-A3-Paysage-600x424.png 600w, https:\/\/hedeapermaculture.com\/wp-content\/uploads\/2023\/03\/Strichon-A3-Paysage-800x566.png 800w, https:\/\/hedeapermaculture.com\/wp-content\/uploads\/2023\/03\/Strichon-A3-Paysage-1200x848.png 1200w, https:\/\/hedeapermaculture.com\/wp-content\/uploads\/2023\/03\/Strichon-A3-Paysage.png 4911w\" sizes=\"(max-width: 640px) 100vw, 1200px\" \/><\/span><\/div><\/div><style type=\"text\/css\">.fusion-body .fusion-builder-column-4{width:50% !important;margin-top : 0px;margin-bottom : 20px;}.fusion-builder-column-4 > .fusion-column-wrapper {padding-top : 0px !important;padding-right : 40px !important;margin-right : 0;padding-bottom : 0px !important;padding-left : 0px !important;margin-left : 0;}@media only screen and (max-width:1024px) {.fusion-body .fusion-builder-column-4{width:50% !important;order : 0;}.fusion-builder-column-4 > .fusion-column-wrapper {padding-right : 0 !important;margin-right : 0;padding-left : 0 !important;margin-left : 0;}}@media only screen and (max-width:640px) {.fusion-body .fusion-builder-column-4{width:100% !important;order : 0;}.fusion-builder-column-4 > .fusion-column-wrapper {padding-right : 0 !important;margin-right : 0;padding-left : 0 !important;margin-left : 0;}}<\/style><\/div><div class=\"fusion-layout-column fusion_builder_column fusion-builder-column-5 fusion_builder_column_1_2 1_2 fusion-flex-column\"><div class=\"fusion-column-wrapper fusion-flex-justify-content-flex-start fusion-content-layout-column\" style=\"background-position:left top;background-repeat:no-repeat;-webkit-background-size:cover;-moz-background-size:cover;-o-background-size:cover;background-size:cover;padding: 0px 0px 0px 40px;\"><style type=\"text\/css\">@media only screen and (max-width:1024px) {.fusion-title.fusion-title-3{margin-top:10px!important; margin-right:0px!important;margin-bottom:15px!important;margin-left:0px!important;}}@media only screen and (max-width:640px) {.fusion-title.fusion-title-3{margin-top:10px!important; margin-right:0px!important;margin-bottom:10px!important; margin-left:0px!important;}}<\/style><div class=\"fusion-title title fusion-title-3 fusion-sep-none fusion-title-text fusion-title-size-two\" style=\"margin-top:10px;margin-right:0px;margin-bottom:15px;margin-left:0px;\"><h2 class=\"title-heading-left\" style=\"margin:0;\"><p>Prendre le temps\u2026<\/p>\n<div id=\"gtx-trans\" style=\"position: absolute; left: -51px; top: -8.8px;\">\n<div class=\"gtx-trans-icon\"><\/div>\n<\/div><\/h2><\/div><div class=\"fusion-text fusion-text-2\"><p>Le design en permaculture et l\u2019\u00e9tude d\u2019un lieu et d\u2019un r\u00eave ne se limitent pas \u00e0 r\u00e9colter des donn\u00e9es objectives, \u00e0 faire des \u00e9tudes d\u2019impact et \u00e0 placer des dessins sur un plan.<\/p>\n<p>Votre projet ne peut pas r\u00e9ussir si nous ne prenons pas le temps d\u2019observer vos besoins, vos transformations ainsi que celles de la nature et du paysage qui vous entourent.<\/p>\n<p>Or le domaine du vivant est cyclique, mouvant, changeant et n\u00e9cessite d\u2019\u00eatre observ\u00e9 sur la dur\u00e9e pour \u00eatre compris.<\/p>\n<p>Les donn\u00e9es et interpr\u00e9tations th\u00e9oriques r\u00e9unies doivent \u00eatre coupl\u00e9es \u00e0 une observation plus \u00ab\u00a0sensible\u00a0\u00bb et empirique du terrain.<\/p>\n<p>Nous n\u2019isolons pas votre projet de son contexte, nous l\u2019y int\u00e9grons ce qui n\u00e9cessite de l\u2019\u00e9tudier et d\u2019y revenir \u00e0 intervalles r\u00e9guliers au fil des saisons.<\/p>\n<p>C\u2019est cette compr\u00e9hension globale qui participera au succ\u00e8s de votre r\u00eave.<\/p>\n<p>En outre, le placement des \u00e9l\u00e9ments structurants du design (b\u00e2timents, acc\u00e8s, arbres, terrassements) n\u00e9cessite d\u2019\u00eatre r\u00e9fl\u00e9chi en amont. En effet, une fois construits, il est difficile de revenir en arri\u00e8re et de corriger d\u2019\u00e9ventuelles erreurs.<\/p>\n<p>Ces \u00e9l\u00e9ments n\u00e9cessitent de laisser le temps au temps et d\u2019\u00e9viter une pr\u00e9cipitation qui pourrait s\u2019av\u00e9rer couteuse dans le futur\u2026<\/p>\n<p>Nous ne travaillons donc pas dans l\u2019urgence absolue mais nous discutons avec vous des d\u00e9lais incontestablement n\u00e9cessaires \u00e0 une r\u00e9alisation correcte du projet.<\/p>\n<\/div><div ><span class=\" fusion-imageframe imageframe-none imageframe-6 hover-type-none fusion-no-medium-visibility fusion-no-large-visibility\"><img decoding=\"async\" width=\"791\" height=\"662\" title=\"IMG_2425\" src=\"https:\/\/hedeapermaculture.com\/wp-content\/uploads\/2020\/10\/IMG_2425.jpg\" alt class=\"img-responsive wp-image-309\" srcset=\"https:\/\/hedeapermaculture.com\/wp-content\/uploads\/2020\/10\/IMG_2425-200x167.jpg 200w, https:\/\/hedeapermaculture.com\/wp-content\/uploads\/2020\/10\/IMG_2425-400x335.jpg 400w, https:\/\/hedeapermaculture.com\/wp-content\/uploads\/2020\/10\/IMG_2425-600x502.jpg 600w, https:\/\/hedeapermaculture.com\/wp-content\/uploads\/2020\/10\/IMG_2425.jpg 791w\" sizes=\"(max-width: 640px) 100vw, 791px\" \/><\/span><\/div><\/div><style type=\"text\/css\">.fusion-body .fusion-builder-column-5{width:50% !important;margin-top : 0px;margin-bottom : 20px;}.fusion-builder-column-5 > .fusion-column-wrapper {padding-top : 0px !important;padding-right : 0px !important;margin-right : 0;padding-bottom : 0px !important;padding-left : 40px !important;margin-left : 0;}@media only screen and (max-width:1024px) {.fusion-body .fusion-builder-column-5{width:50% !important;order : 0;}.fusion-builder-column-5 > .fusion-column-wrapper {padding-right : 0 !important;margin-right : 0;padding-left : 0 !important;margin-left : 0;}}@media only screen and (max-width:640px) {.fusion-body .fusion-builder-column-5{width:100% !important;order : 0;}.fusion-builder-column-5 > .fusion-column-wrapper {padding-right : 0 !important;margin-right : 0;padding-left : 0 !important;margin-left : 0;}}<\/style><\/div><\/div><style type=\"text\/css\">.fusion-body .fusion-flex-container.fusion-builder-row-4{ padding-top : 0px;margin-top : 32px;padding-right : 30px;padding-bottom : 0px;margin-bottom : 0px;padding-left : 30px;}@media only screen and (max-width:1024px) {.fusion-body .fusion-flex-container.fusion-builder-row-4{ padding-right : 16px;padding-left : 16px;}}<\/style><\/div><div class=\"fusion-fullwidth fullwidth-box fusion-builder-row-5 fusion-flex-container nonhundred-percent-fullwidth non-hundred-percent-height-scrolling fusion-no-medium-visibility fusion-no-large-visibility\" style=\"background-color: rgba(255,255,255,0);background-position: center center;background-repeat: no-repeat;border-width: 0px 0px 0px 0px;border-color:#e2e2e2;border-style:solid;\" ><div class=\"fusion-builder-row fusion-row fusion-flex-align-items-flex-start\" style=\"max-width:104%;margin-left: calc(-4% \/ 2 );margin-right: calc(-4% \/ 2 );\"><div class=\"fusion-layout-column fusion_builder_column fusion-builder-column-6 fusion_builder_column_1_1 1_1 fusion-flex-column\"><div class=\"fusion-column-wrapper fusion-flex-justify-content-flex-start fusion-content-layout-column\" style=\"background-position:left top;background-repeat:no-repeat;-webkit-background-size:cover;-moz-background-size:cover;-o-background-size:cover;background-size:cover;padding: 0px 0px 0px 0px;\"><ul class=\"fusion-checklist fusion-checklist-1\" style=\"font-size:16px;line-height:27.2px;\"><li style=\"background-color:rgba(255,255,255,0);\" class=\"fusion-li-item\"><span style=\"background-color:#65bc7b;font-size:14.08px;height:27.2px;width:27.2px;margin-right:11.2px;\" class=\"icon-wrapper circle-yes\"><i class=\"fusion-li-icon fa-archive fas\" style=\"color:#ffffff;\" aria-hidden=\"true\"><\/i><\/span><div class=\"fusion-li-item-content\" style=\"margin-left:38.4px;color:#4a4e57;\">\n<p><a href=\"https:\/\/hedeapermaculture.com\/index.php\/portfolio\/\">Voir nos projets<\/a><\/p>\n<\/div><\/li><li style=\"background-color:rgba(255,255,255,0);\" class=\"fusion-li-item\"><span style=\"background-color:#65bc7b;font-size:14.08px;height:27.2px;width:27.2px;margin-right:11.2px;\" class=\"icon-wrapper circle-yes\"><i class=\"fusion-li-icon fa-address-card fas\" style=\"color:#ffffff;\" aria-hidden=\"true\"><\/i><\/span><div class=\"fusion-li-item-content\" style=\"margin-left:38.4px;color:#4a4e57;\">\n<p><a href=\"https:\/\/hedeapermaculture.com\/index.php\/services\/\">Nos services<\/a><\/p>\n<div id=\"gtx-trans\" style=\"position: absolute; left: 88px; top: -8.8px;\">\n<div class=\"gtx-trans-icon\"><\/div>\n<\/div>\n<\/div><\/li><li style=\"background-color:rgba(255,255,255,0);\" class=\"fusion-li-item\"><span style=\"background-color:#65bc7b;font-size:14.08px;height:27.2px;width:27.2px;margin-right:11.2px;\" class=\"icon-wrapper circle-yes\"><i class=\"fusion-li-icon fa-address-book fas\" style=\"color:#ffffff;\" aria-hidden=\"true\"><\/i><\/span><div class=\"fusion-li-item-content\" style=\"margin-left:38.4px;color:#4a4e57;\">\n<p><a href=\"https:\/\/hedeapermaculture.com\/index.php\/a-propos-2\/\">Qui sommes-nous?<\/a><\/p>\n<\/div><\/li><\/ul>\n<\/div><style type=\"text\/css\">.fusion-body .fusion-builder-column-6{width:100% !important;margin-top : 0px;margin-bottom : 20px;}.fusion-builder-column-6 > .fusion-column-wrapper {padding-top : 0px !important;padding-right : 0px !important;margin-right : 1.92%;padding-bottom : 0px !important;padding-left : 0px !important;margin-left : 1.92%;}@media only screen and (max-width:1024px) {.fusion-body .fusion-builder-column-6{width:100% !important;order : 0;}.fusion-builder-column-6 > .fusion-column-wrapper {margin-right : 1.92%;margin-left : 1.92%;}}@media only screen and (max-width:640px) {.fusion-body .fusion-builder-column-6{width:100% !important;order : 0;}.fusion-builder-column-6 > .fusion-column-wrapper {margin-right : 1.92%;margin-left : 1.92%;}}<\/style><\/div><\/div><style type=\"text\/css\">.fusion-body .fusion-flex-container.fusion-builder-row-5{ padding-top : 0px;margin-top : 0px;padding-right : 30px;padding-bottom : 0px;margin-bottom : 0px;padding-left : 30px;}<\/style><\/div><\/p>\n","protected":false},"excerpt":{"rendered":"","protected":false},"author":1,"featured_media":0,"parent":0,"menu_order":0,"comment_status":"closed","ping_status":"closed","template":"","meta":{"om_disable_all_campaigns":false,"_monsterinsights_skip_tracking":false,"_monsterinsights_sitenote_active":false,"_monsterinsights_sitenote_note":"","_monsterinsights_sitenote_category":0,"footnotes":""},"class_list":["post-62","page","type-page","status-publish","hentry"],"aioseo_notices":[],"_links":{"self":[{"href":"https:\/\/hedeapermaculture.com\/index.php\/wp-json\/wp\/v2\/pages\/62","targetHints":{"allow":["GET"]}}],"collection":[{"href":"https:\/\/hedeapermaculture.com\/index.php\/wp-json\/wp\/v2\/pages"}],"about":[{"href":"https:\/\/hedeapermaculture.com\/index.php\/wp-json\/wp\/v2\/types\/page"}],"author":[{"embeddable":true,"href":"https:\/\/hedeapermaculture.com\/index.php\/wp-json\/wp\/v2\/users\/1"}],"replies":[{"embeddable":true,"href":"https:\/\/hedeapermaculture.com\/index.php\/wp-json\/wp\/v2\/comments?post=62"}],"version-history":[{"count":56,"href":"https:\/\/hedeapermaculture.com\/index.php\/wp-json\/wp\/v2\/pages\/62\/revisions"}],"predecessor-version":[{"id":953,"href":"https:\/\/hedeapermaculture.com\/index.php\/wp-json\/wp\/v2\/pages\/62\/revisions\/953"}],"wp:attachment":[{"href":"https:\/\/hedeapermaculture.com\/index.php\/wp-json\/wp\/v2\/media?parent=62"}],"curies":[{"name":"wp","href":"https:\/\/api.w.org\/{rel}","templated":true}]}}